{"id":178,"date":"2022-10-14T09:48:31","date_gmt":"2022-10-14T07:48:31","guid":{"rendered":"https:\/\/wabisabiviajes.com\/?page_id=178"},"modified":"2023-09-26T10:33:32","modified_gmt":"2023-09-26T08:33:32","slug":"sobre-mi","status":"publish","type":"page","link":"https:\/\/wabisabiviajes.com\/en\/sobre-mi\/","title":{"rendered":"Sobre mi"},"content":{"rendered":"<div data-elementor-type=\"wp-page\" data-elementor-id=\"178\" class=\"elementor elementor-178\" data-elementor-post-type=\"page\">\n\t\t\t\t<div class=\"elementor-element elementor-element-acb69a4 e-con-full e-flex e-con e-parent\" data-id=\"acb69a4\" data-element_type=\"container\" data-settings=\"{&quot;background_background&quot;:&quot;classic&quot;}\">\n\t\t<div class=\"elementor-element elementor-element-55b71d8 fc-container-equal e-flex e-con-boxed elementor-invisible e-con e-child\" data-id=\"55b71d8\" data-element_type=\"container\" data-settings=\"{&quot;animation&quot;:&quot;fadeIn&quot;,&quot;animation_delay&quot;:800}\">\n\t\t\t\t\t<div class=\"e-con-inner\">\n\t\t\t\t<div class=\"elementor-element elementor-element-dc8aa44 elementor-widget elementor-widget-heading\" data-id=\"dc8aa44\" data-element_type=\"widget\" data-widget_type=\"heading.default\">\n\t\t\t\t<div class=\"elementor-widget-container\">\n\t\t\t\t\t<h1 class=\"elementor-heading-title elementor-size-default\">\u201c<span>Mi mayor pasi\u00f3n es viajar<\/span>, y quiero compartirla contigo\u201d<\/h1>\t\t\t\t<\/div>\n\t\t\t\t<\/div>\n\t\t\t\t\t<\/div>\n\t\t\t\t<\/div>\n\t\t\t\t<\/div>\n\t\t<div class=\"elementor-element elementor-element-8cb1a5b e-con-full fc-container-padding e-flex e-con e-parent\" data-id=\"8cb1a5b\" data-element_type=\"container\" data-settings=\"{&quot;background_background&quot;:&quot;classic&quot;}\">\n\t\t<div class=\"elementor-element elementor-element-a241370 e-flex e-con-boxed e-con e-child\" data-id=\"a241370\" data-element_type=\"container\">\n\t\t\t\t\t<div class=\"e-con-inner\">\n\t\t<div class=\"elementor-element elementor-element-6ed51c8 fc-container-col e-con-full e-flex e-con e-child\" data-id=\"6ed51c8\" data-element_type=\"container\">\n\t\t\t\t<div class=\"elementor-element elementor-element-460d871 elementor-widget elementor-widget-heading\" data-id=\"460d871\" data-element_type=\"widget\" data-widget_type=\"heading.default\">\n\t\t\t\t<div class=\"elementor-widget-container\">\n\t\t\t\t\t<h2 class=\"elementor-heading-title elementor-size-default\">Hola, soy Elena Ugarte, fundadora de <span>Wabi Sabi<\/span> Viajes<\/h2>\t\t\t\t<\/div>\n\t\t\t\t<\/div>\n\t\t\t\t<div class=\"elementor-element elementor-element-6f2d568 elementor-widget elementor-widget-text-editor\" data-id=\"6f2d568\" data-element_type=\"widget\" data-widget_type=\"text-editor.default\">\n\t\t\t\t<div class=\"elementor-widget-container\">\n\t\t\t\t\t\t\t\t\t<p><span style=\"font-weight: 400;\">Llevo trabajando en el sector tur\u00edstico m\u00e1s de 13 a\u00f1os y hace dos a\u00f1os me embarqu\u00e9 en el viaje m\u00e1s alucinante de mi vida.<\/span><\/p><p><span style=\"font-weight: 400;\">Emprender es el reto m\u00e1s \u201cheavy\u201d que me he propuesto nunca, durante este tiempo he crecido personal y profesionalmente, cada d\u00eda aumenta mi motivaci\u00f3n, mi creatividad y mi experiencia, en definitiva disfruto de mi profesi\u00f3n que me apasiona cada d\u00eda m\u00e1s.<\/span><\/p>\t\t\t\t\t\t\t\t<\/div>\n\t\t\t\t<\/div>\n\t\t\t\t<div class=\"elementor-element elementor-element-33bdf83 fc-boton-filled elementor-align-center elementor-widget elementor-widget-button\" data-id=\"33bdf83\" data-element_type=\"widget\" data-widget_type=\"button.default\">\n\t\t\t\t<div class=\"elementor-widget-container\">\n\t\t\t\t\t\t\t\t\t<div class=\"elementor-button-wrapper\">\n\t\t\t\t\t<a class=\"elementor-button elementor-button-link elementor-size-sm\" href=\"https:\/\/calendly.com\/wabi-sabi-viajes\" target=\"_blank\" rel=\"noopener\">\n\t\t\t\t\t\t<span class=\"elementor-button-content-wrapper\">\n\t\t\t\t\t\t\t\t\t<span class=\"elementor-button-text\">Quiero una reuni\u00f3n<\/span>\n\t\t\t\t\t<\/span>\n\t\t\t\t\t<\/a>\n\t\t\t\t<\/div>\n\t\t\t\t\t\t\t\t<\/div>\n\t\t\t\t<\/div>\n\t\t\t\t<div class=\"elementor-element elementor-element-4eab642 elementor-widget elementor-widget-spacer\" data-id=\"4eab642\" data-element_type=\"widget\" data-widget_type=\"spacer.default\">\n\t\t\t\t<div class=\"elementor-widget-container\">\n\t\t\t\t\t\t\t<div class=\"elementor-spacer\">\n\t\t\t<div class=\"elementor-spacer-inner\"><\/div>\n\t\t<\/div>\n\t\t\t\t\t\t<\/div>\n\t\t\t\t<\/div>\n\t\t\t\t<\/div>\n\t\t<div class=\"elementor-element elementor-element-b26e759 fc-container-col e-con-full e-flex e-con e-child\" data-id=\"b26e759\" data-element_type=\"container\">\n\t\t\t\t<div class=\"elementor-element elementor-element-316be85 elementor-invisible elementor-widget elementor-widget-image\" data-id=\"316be85\" data-element_type=\"widget\" data-settings=\"{&quot;_animation&quot;:&quot;fadeIn&quot;}\" data-widget_type=\"image.default\">\n\t\t\t\t<div class=\"elementor-widget-container\">\n\t\t\t\t\t\t\t\t\t\t\t\t\t\t\t<img fetchpriority=\"high\" decoding=\"async\" width=\"900\" height=\"605\" src=\"https:\/\/wabisabiviajes.com\/wp-content\/uploads\/2023\/09\/wabisabi-sobre-mi-elena-ugarte-primer-plano.jpg\" class=\"attachment-full size-full wp-image-1595\" alt=\"Elena Ugarte en primer plano\" srcset=\"https:\/\/wabisabiviajes.com\/wp-content\/uploads\/2023\/09\/wabisabi-sobre-mi-elena-ugarte-primer-plano.jpg 900w, https:\/\/wabisabiviajes.com\/wp-content\/uploads\/2023\/09\/wabisabi-sobre-mi-elena-ugarte-primer-plano-300x202.jpg 300w, https:\/\/wabisabiviajes.com\/wp-content\/uploads\/2023\/09\/wabisabi-sobre-mi-elena-ugarte-primer-plano-768x516.jpg 768w, https:\/\/wabisabiviajes.com\/wp-content\/uploads\/2023\/09\/wabisabi-sobre-mi-elena-ugarte-primer-plano-18x12.jpg 18w\" sizes=\"(max-width: 900px) 100vw, 900px\" \/>\t\t\t\t\t\t\t\t\t\t\t\t\t\t\t<\/div>\n\t\t\t\t<\/div>\n\t\t\t\t<\/div>\n\t\t\t\t\t<\/div>\n\t\t\t\t<\/div>\n\t\t\t\t<\/div>\n\t\t<div class=\"elementor-element elementor-element-f82ce5c e-con-full fc-container-padding e-flex e-con e-parent\" data-id=\"f82ce5c\" data-element_type=\"container\" data-settings=\"{&quot;background_background&quot;:&quot;classic&quot;}\">\n\t\t<div class=\"elementor-element elementor-element-53de0d4 e-flex e-con-boxed e-con e-child\" data-id=\"53de0d4\" data-element_type=\"container\">\n\t\t\t\t\t<div class=\"e-con-inner\">\n\t\t<div class=\"elementor-element elementor-element-f4c346b fc-container-col e-flex e-con-boxed e-con e-child\" data-id=\"f4c346b\" data-element_type=\"container\">\n\t\t\t\t\t<div class=\"e-con-inner\">\n\t\t\t\t<div class=\"elementor-element elementor-element-7e106dd elementor-widget elementor-widget-heading\" data-id=\"7e106dd\" data-element_type=\"widget\" data-widget_type=\"heading.default\">\n\t\t\t\t<div class=\"elementor-widget-container\">\n\t\t\t\t\t<h2 class=\"elementor-heading-title elementor-size-default\">Dise\u00f1o viajes hechos <span>exclusivamente para ti<\/span>, basados en aquello que esperas encontrar en tu destino. <\/h2>\t\t\t\t<\/div>\n\t\t\t\t<\/div>\n\t\t\t\t<div class=\"elementor-element elementor-element-b23fe55 elementor-widget elementor-widget-text-editor\" data-id=\"b23fe55\" data-element_type=\"widget\" data-widget_type=\"text-editor.default\">\n\t\t\t\t<div class=\"elementor-widget-container\">\n\t\t\t\t\t\t\t\t\t<p>Hace ocho a\u00f1os que me inici\u00e9 en la planificaci\u00f3n de viajes a medida, durante este tiempo he crecido personal y profesionalmente, cada d\u00eda aumenta mi motivaci\u00f3n y el disfrute de una profesi\u00f3n que me apasiona cada vez m\u00e1s.<\/p>\t\t\t\t\t\t\t\t<\/div>\n\t\t\t\t<\/div>\n\t\t\t\t\t<\/div>\n\t\t\t\t<\/div>\n\t\t\t\t\t<\/div>\n\t\t\t\t<\/div>\n\t\t\t\t<\/div>\n\t\t<div class=\"elementor-element elementor-element-89e1aed e-con-full fc-container-padding e-flex e-con e-parent\" data-id=\"89e1aed\" data-element_type=\"container\" data-settings=\"{&quot;background_background&quot;:&quot;classic&quot;}\">\n\t\t<div class=\"elementor-element elementor-element-31eca79 e-flex e-con-boxed e-con e-child\" data-id=\"31eca79\" data-element_type=\"container\">\n\t\t\t\t\t<div class=\"e-con-inner\">\n\t\t<div class=\"elementor-element elementor-element-8ceabb2 fc-container-col e-con-full e-flex e-con e-child\" data-id=\"8ceabb2\" data-element_type=\"container\">\n\t\t\t\t<div class=\"elementor-element elementor-element-9ccdd1c elementor-invisible elementor-widget elementor-widget-image\" data-id=\"9ccdd1c\" data-element_type=\"widget\" data-settings=\"{&quot;_animation&quot;:&quot;fadeIn&quot;}\" data-widget_type=\"image.default\">\n\t\t\t\t<div class=\"elementor-widget-container\">\n\t\t\t\t\t\t\t\t\t\t\t\t\t\t\t<img decoding=\"async\" width=\"550\" height=\"723\" src=\"https:\/\/wabisabiviajes.com\/wp-content\/uploads\/2023\/09\/wabisabi-sobre-mi-proceso-trabajo-1.jpg\" class=\"attachment-full size-full wp-image-1611\" alt=\"Oficinas de la agencia Wabi Sabi\" srcset=\"https:\/\/wabisabiviajes.com\/wp-content\/uploads\/2023\/09\/wabisabi-sobre-mi-proceso-trabajo-1.jpg 550w, https:\/\/wabisabiviajes.com\/wp-content\/uploads\/2023\/09\/wabisabi-sobre-mi-proceso-trabajo-1-228x300.jpg 228w, https:\/\/wabisabiviajes.com\/wp-content\/uploads\/2023\/09\/wabisabi-sobre-mi-proceso-trabajo-1-9x12.jpg 9w\" sizes=\"(max-width: 550px) 100vw, 550px\" \/>\t\t\t\t\t\t\t\t\t\t\t\t\t\t\t<\/div>\n\t\t\t\t<\/div>\n\t\t\t\t<\/div>\n\t\t<div class=\"elementor-element elementor-element-cf8d40e fc-container-col e-con-full e-flex e-con e-child\" data-id=\"cf8d40e\" data-element_type=\"container\">\n\t\t\t\t<div class=\"elementor-element elementor-element-158975d elementor-widget elementor-widget-heading\" data-id=\"158975d\" data-element_type=\"widget\" data-widget_type=\"heading.default\">\n\t\t\t\t<div class=\"elementor-widget-container\">\n\t\t\t\t\t<h2 class=\"elementor-heading-title elementor-size-default\">C\u00f3mo es mi proceso de trabajo<\/h2>\t\t\t\t<\/div>\n\t\t\t\t<\/div>\n\t\t\t\t<div class=\"elementor-element elementor-element-6ef5016 elementor-widget elementor-widget-text-editor\" data-id=\"6ef5016\" data-element_type=\"widget\" data-widget_type=\"text-editor.default\">\n\t\t\t\t<div class=\"elementor-widget-container\">\n\t\t\t\t\t\t\t\t\t<p><span style=\"font-weight: 400;\">La atenci\u00f3n personalizada es un servicio fundamental.<\/span><\/p><p><span style=\"font-weight: 400;\">Necesito que me cuentes que tipo de viaje quieres, como te gusta viajar y cuales son tus deseos, gustos o expectativas en el destino para ello, agendaremos una cita para conocernos que puede ser por tel\u00e9fono, videollamada o presencial en mi oficina.<\/span><\/p><p><span style=\"font-weight: 400;\">Tras nuestra entrevista conjunta, con mi experiencia y creatividad, doy paso a darle forma a las diferentes propuestas pensadas en exclusiva para ti.\u00a0<\/span><\/p><p><span style=\"font-weight: 400;\">Despu\u00e9s juntos perfilaremos detalles para que el viaje sea perfectamente imperfecto.<\/span><\/p>\t\t\t\t\t\t\t\t<\/div>\n\t\t\t\t<\/div>\n\t\t\t\t<div class=\"elementor-element elementor-element-2de9c9d fc-boton-simple elementor-align-center elementor-widget elementor-widget-button\" data-id=\"2de9c9d\" data-element_type=\"widget\" data-widget_type=\"button.default\">\n\t\t\t\t<div class=\"elementor-widget-container\">\n\t\t\t\t\t\t\t\t\t<div class=\"elementor-button-wrapper\">\n\t\t\t\t\t<a class=\"elementor-button elementor-button-link elementor-size-sm\" href=\"https:\/\/calendly.com\/wabi-sabi-viajes\" target=\"_blank\" rel=\"noopener\">\n\t\t\t\t\t\t<span class=\"elementor-button-content-wrapper\">\n\t\t\t\t\t\t\t\t\t<span class=\"elementor-button-text\">Quiero agendar cita<\/span>\n\t\t\t\t\t<\/span>\n\t\t\t\t\t<\/a>\n\t\t\t\t<\/div>\n\t\t\t\t\t\t\t\t<\/div>\n\t\t\t\t<\/div>\n\t\t\t\t<div class=\"elementor-element elementor-element-8780898 elementor-invisible elementor-widget elementor-widget-image\" data-id=\"8780898\" data-element_type=\"widget\" data-settings=\"{&quot;_animation&quot;:&quot;fadeIn&quot;}\" data-widget_type=\"image.default\">\n\t\t\t\t<div class=\"elementor-widget-container\">\n\t\t\t\t\t\t\t\t\t\t\t\t\t\t\t<img decoding=\"async\" width=\"800\" height=\"580\" src=\"https:\/\/wabisabiviajes.com\/wp-content\/uploads\/2023\/09\/wabisabi-sobre-mi-proceso-trabajo-2.jpg\" class=\"attachment-full size-full wp-image-1612\" alt=\"Vista general de la agencia Wabi Sabi\" srcset=\"https:\/\/wabisabiviajes.com\/wp-content\/uploads\/2023\/09\/wabisabi-sobre-mi-proceso-trabajo-2.jpg 800w, https:\/\/wabisabiviajes.com\/wp-content\/uploads\/2023\/09\/wabisabi-sobre-mi-proceso-trabajo-2-300x218.jpg 300w, https:\/\/wabisabiviajes.com\/wp-content\/uploads\/2023\/09\/wabisabi-sobre-mi-proceso-trabajo-2-768x557.jpg 768w, https:\/\/wabisabiviajes.com\/wp-content\/uploads\/2023\/09\/wabisabi-sobre-mi-proceso-trabajo-2-18x12.jpg 18w\" sizes=\"(max-width: 800px) 100vw, 800px\" \/>\t\t\t\t\t\t\t\t\t\t\t\t\t\t\t<\/div>\n\t\t\t\t<\/div>\n\t\t\t\t<div class=\"elementor-element elementor-element-f004d2e elementor-widget elementor-widget-spacer\" data-id=\"f004d2e\" data-element_type=\"widget\" data-widget_type=\"spacer.default\">\n\t\t\t\t<div class=\"elementor-widget-container\">\n\t\t\t\t\t\t\t<div class=\"elementor-spacer\">\n\t\t\t<div class=\"elementor-spacer-inner\"><\/div>\n\t\t<\/div>\n\t\t\t\t\t\t<\/div>\n\t\t\t\t<\/div>\n\t\t\t\t<\/div>\n\t\t\t\t\t<\/div>\n\t\t\t\t<\/div>\n\t\t<div class=\"elementor-element elementor-element-1c890a6 e-flex e-con-boxed e-con e-child\" data-id=\"1c890a6\" data-element_type=\"container\">\n\t\t\t\t\t<div class=\"e-con-inner\">\n\t\t\t\t<div class=\"elementor-element elementor-element-ba5073b fc-boton-simple elementor-align-center elementor-widget elementor-widget-button\" data-id=\"ba5073b\" data-element_type=\"widget\" data-widget_type=\"button.default\">\n\t\t\t\t<div class=\"elementor-widget-container\">\n\t\t\t\t\t\t\t\t\t<div class=\"elementor-button-wrapper\">\n\t\t\t\t\t<a class=\"elementor-button elementor-button-link elementor-size-sm\" href=\"https:\/\/wabisabiviajes.com\/en\/contacto\/\">\n\t\t\t\t\t\t<span class=\"elementor-button-content-wrapper\">\n\t\t\t\t\t\t\t\t\t<span class=\"elementor-button-text\">Contacta conmigo<\/span>\n\t\t\t\t\t<\/span>\n\t\t\t\t\t<\/a>\n\t\t\t\t<\/div>\n\t\t\t\t\t\t\t\t<\/div>\n\t\t\t\t<\/div>\n\t\t\t\t\t<\/div>\n\t\t\t\t<\/div>\n\t\t\t\t<\/div>\n\t\t<div class=\"elementor-element elementor-element-bb00b6a e-con-full e-flex e-con e-parent\" data-id=\"bb00b6a\" data-element_type=\"container\">\n\t\t\t\t<div class=\"elementor-element elementor-element-466f75b elementor-widget elementor-widget-template\" data-id=\"466f75b\" data-element_type=\"widget\" data-widget_type=\"template.default\">\n\t\t\t\t<div class=\"elementor-widget-container\">\n\t\t\t\t\t\t\t<div class=\"elementor-template\">\n\t\t\t\t\t<div data-elementor-type=\"container\" data-elementor-id=\"1692\" class=\"elementor elementor-1692\" data-elementor-post-type=\"elementor_library\">\n\t\t\t\t<div class=\"elementor-element elementor-element-b0ffcf1 e-con-full fc-container-padding e-flex e-con e-parent\" data-id=\"b0ffcf1\" data-element_type=\"container\" data-settings=\"{&quot;background_background&quot;:&quot;classic&quot;}\">\n\t\t<div class=\"elementor-element elementor-element-f7688e8 e-flex e-con-boxed e-con e-child\" data-id=\"f7688e8\" data-element_type=\"container\">\n\t\t\t\t\t<div class=\"e-con-inner\">\n\t\t\t\t<div class=\"elementor-element elementor-element-67080c4 elementor-widget elementor-widget-heading\" data-id=\"67080c4\" data-element_type=\"widget\" data-widget_type=\"heading.default\">\n\t\t\t\t<div class=\"elementor-widget-container\">\n\t\t\t\t\t<h2 class=\"elementor-heading-title elementor-size-default\">\u00bfQuieres conocer mis destinos <span>Wabi Sabi<\/span>?<\/h2>\t\t\t\t<\/div>\n\t\t\t\t<\/div>\n\t\t\t\t<div class=\"elementor-element elementor-element-a53e0e6 fc-boton-filled elementor-align-center elementor-widget elementor-widget-button\" data-id=\"a53e0e6\" data-element_type=\"widget\" data-widget_type=\"button.default\">\n\t\t\t\t<div class=\"elementor-widget-container\">\n\t\t\t\t\t\t\t\t\t<div class=\"elementor-button-wrapper\">\n\t\t\t\t\t<a class=\"elementor-button elementor-button-link elementor-size-sm\" href=\"https:\/\/wabisabiviajes.com\/en\/destinos\/\">\n\t\t\t\t\t\t<span class=\"elementor-button-content-wrapper\">\n\t\t\t\t\t\t\t\t\t<span class=\"elementor-button-text\">Ver destinos<\/span>\n\t\t\t\t\t<\/span>\n\t\t\t\t\t<\/a>\n\t\t\t\t<\/div>\n\t\t\t\t\t\t\t\t<\/div>\n\t\t\t\t<\/div>\n\t\t\t\t\t<\/div>\n\t\t\t\t<\/div>\n\t\t\t\t<\/div>\n\t\t\t\t<\/div>\n\t\t\t\t<\/div>\n\t\t\t\t\t\t<\/div>\n\t\t\t\t<\/div>\n\t\t\t\t<\/div>\n\t\t<div class=\"elementor-element elementor-element-563d85a e-con-full e-flex e-con e-parent\" data-id=\"563d85a\" data-element_type=\"container\">\n\t\t\t\t<div class=\"elementor-element elementor-element-aeb7bdd elementor-widget elementor-widget-template\" data-id=\"aeb7bdd\" data-element_type=\"widget\" data-widget_type=\"template.default\">\n\t\t\t\t<div class=\"elementor-widget-container\">\n\t\t\t\t\t\t\t<div class=\"elementor-template\">\n\t\t\t\t\t<div data-elementor-type=\"container\" data-elementor-id=\"1810\" class=\"elementor elementor-1810\" data-elementor-post-type=\"elementor_library\">\n\t\t\t\t<div class=\"elementor-element elementor-element-ce63d8b e-con-full fc-container-padding e-flex e-con e-parent\" data-id=\"ce63d8b\" data-element_type=\"container\" data-settings=\"{&quot;background_background&quot;:&quot;classic&quot;}\">\n\t\t<div class=\"elementor-element elementor-element-08ac147 e-flex e-con-boxed e-con e-child\" data-id=\"08ac147\" data-element_type=\"container\">\n\t\t\t\t\t<div class=\"e-con-inner\">\n\t\t<div class=\"elementor-element elementor-element-30beefe fc-container-col e-flex e-con-boxed e-con e-child\" data-id=\"30beefe\" data-element_type=\"container\">\n\t\t\t\t\t<div class=\"e-con-inner\">\n\t\t\t\t<div class=\"elementor-element elementor-element-79ed0cb elementor-widget elementor-widget-heading\" data-id=\"79ed0cb\" data-element_type=\"widget\" data-widget_type=\"heading.default\">\n\t\t\t\t<div class=\"elementor-widget-container\">\n\t\t\t\t\t<h2 class=\"elementor-heading-title elementor-size-default\">Tienes que <span>formar parte<\/span><\/h2>\t\t\t\t<\/div>\n\t\t\t\t<\/div>\n\t\t\t\t<div class=\"elementor-element elementor-element-5899626 elementor-widget elementor-widget-text-editor\" data-id=\"5899626\" data-element_type=\"widget\" data-widget_type=\"text-editor.default\">\n\t\t\t\t<div class=\"elementor-widget-container\">\n\t\t\t\t\t\t\t\t\t<p>Recibe ofertas exclusivas, gu\u00edas de viaje inspiradoras y consejos pr\u00e1cticos para viajes. No demasiado a menudo \u2013 S\u00f3lo lo suficiente.<\/p>\t\t\t\t\t\t\t\t<\/div>\n\t\t\t\t<\/div>\n\t\t\t\t<div class=\"elementor-element elementor-element-3d6e04c elementor-widget elementor-widget-heading\" data-id=\"3d6e04c\" data-element_type=\"widget\" data-widget_type=\"heading.default\">\n\t\t\t\t<div class=\"elementor-widget-container\">\n\t\t\t\t\t<span class=\"elementor-heading-title elementor-size-default\">Newsletter disponible pr\u00f3ximamente<\/span>\t\t\t\t<\/div>\n\t\t\t\t<\/div>\n\t\t\t\t<div class=\"elementor-element elementor-element-2da1a41 fc-boton-simple elementor-align-center elementor-hidden-widescreen elementor-hidden-desktop elementor-hidden-laptop elementor-hidden-tablet elementor-hidden-mobile elementor-widget elementor-widget-button\" data-id=\"2da1a41\" data-element_type=\"widget\" data-widget_type=\"button.default\">\n\t\t\t\t<div class=\"elementor-widget-container\">\n\t\t\t\t\t\t\t\t\t<div class=\"elementor-button-wrapper\">\n\t\t\t\t\t<a class=\"elementor-button elementor-button-link elementor-size-sm\" href=\"https:\/\/subscribepage.io\/wabi-sabi-viajes\" target=\"_blank\" rel=\"noopener\">\n\t\t\t\t\t\t<span class=\"elementor-button-content-wrapper\">\n\t\t\t\t\t\t\t\t\t<span class=\"elementor-button-text\">Suscr\u00edbete a mi newsletter<\/span>\n\t\t\t\t\t<\/span>\n\t\t\t\t\t<\/a>\n\t\t\t\t<\/div>\n\t\t\t\t\t\t\t\t<\/div>\n\t\t\t\t<\/div>\n\t\t\t\t\t<\/div>\n\t\t\t\t<\/div>\n\t\t\t\t\t<\/div>\n\t\t\t\t<\/div>\n\t\t\t\t<\/div>\n\t\t\t\t<\/div>\n\t\t\t\t<\/div>\n\t\t\t\t\t\t<\/div>\n\t\t\t\t<\/div>\n\t\t\t\t<\/div>\n\t\t<div class=\"elementor-element elementor-element-63a768f e-con-full e-flex e-con e-parent\" data-id=\"63a768f\" data-element_type=\"container\">\n\t\t<div class=\"elementor-element elementor-element-9845af3 e-flex e-con-boxed e-con e-child\" data-id=\"9845af3\" data-element_type=\"container\">\n\t\t\t\t\t<div class=\"e-con-inner\">\n\t\t\t\t<div class=\"elementor-element elementor-element-e4f7253 elementor-widget elementor-widget-image\" data-id=\"e4f7253\" data-element_type=\"widget\" data-widget_type=\"image.default\">\n\t\t\t\t<div class=\"elementor-widget-container\">\n\t\t\t\t\t\t\t\t\t\t\t\t\t\t\t<img loading=\"lazy\" decoding=\"async\" width=\"1400\" height=\"563\" src=\"https:\/\/wabisabiviajes.com\/wp-content\/uploads\/2023\/09\/wabisabi-home-mujer-mochila.jpg\" class=\"attachment-full size-full wp-image-1536\" alt=\"Mujer de espaldas con mochila en zona rocosa\" srcset=\"https:\/\/wabisabiviajes.com\/wp-content\/uploads\/2023\/09\/wabisabi-home-mujer-mochila.jpg 1400w, https:\/\/wabisabiviajes.com\/wp-content\/uploads\/2023\/09\/wabisabi-home-mujer-mochila-300x121.jpg 300w, https:\/\/wabisabiviajes.com\/wp-content\/uploads\/2023\/09\/wabisabi-home-mujer-mochila-1024x412.jpg 1024w, https:\/\/wabisabiviajes.com\/wp-content\/uploads\/2023\/09\/wabisabi-home-mujer-mochila-768x309.jpg 768w, https:\/\/wabisabiviajes.com\/wp-content\/uploads\/2023\/09\/wabisabi-home-mujer-mochila-18x7.jpg 18w\" sizes=\"(max-width: 1400px) 100vw, 1400px\" \/>\t\t\t\t\t\t\t\t\t\t\t\t\t\t\t<\/div>\n\t\t\t\t<\/div>\n\t\t\t\t\t<\/div>\n\t\t\t\t<\/div>\n\t\t\t\t<\/div>\n\t\t\t\t<\/div>","protected":false},"excerpt":{"rendered":"<p>\u201cMi mayor pasi\u00f3n es viajar, y quiero compartirla contigo\u201d Hola, soy Elena Ugarte, fundadora de Wabi Sabi Viajes Llevo trabajando en el sector tur\u00edstico m\u00e1s de 13 a\u00f1os y hace dos a\u00f1os me embarqu\u00e9 en el viaje m\u00e1s alucinante de mi vida. Emprender es el reto m\u00e1s \u201cheavy\u201d que me he propuesto nunca, durante este [&hellip;]<\/p>","protected":false},"author":1,"featured_media":0,"parent":0,"menu_order":5,"comment_status":"closed","ping_status":"closed","template":"","meta":{"_acf_changed":false,"footnotes":""},"class_list":["post-178","page","type-page","status-publish","hentry"],"acf":[],"_links":{"self":[{"href":"https:\/\/wabisabiviajes.com\/en\/wp-json\/wp\/v2\/pages\/178","targetHints":{"allow":["GET"]}}],"collection":[{"href":"https:\/\/wabisabiviajes.com\/en\/wp-json\/wp\/v2\/pages"}],"about":[{"href":"https:\/\/wabisabiviajes.com\/en\/wp-json\/wp\/v2\/types\/page"}],"author":[{"embeddable":true,"href":"https:\/\/wabisabiviajes.com\/en\/wp-json\/wp\/v2\/users\/1"}],"replies":[{"embeddable":true,"href":"https:\/\/wabisabiviajes.com\/en\/wp-json\/wp\/v2\/comments?post=178"}],"version-history":[{"count":213,"href":"https:\/\/wabisabiviajes.com\/en\/wp-json\/wp\/v2\/pages\/178\/revisions"}],"predecessor-version":[{"id":2106,"href":"https:\/\/wabisabiviajes.com\/en\/wp-json\/wp\/v2\/pages\/178\/revisions\/2106"}],"wp:attachment":[{"href":"https:\/\/wabisabiviajes.com\/en\/wp-json\/wp\/v2\/media?parent=178"}],"curies":[{"name":"wp","href":"https:\/\/api.w.org\/{rel}","templated":true}]}}