{"id":1363,"date":"2023-09-05T12:10:28","date_gmt":"2023-09-05T10:10:28","guid":{"rendered":"https:\/\/wabisabiviajes.com\/sobre-mi-copy\/"},"modified":"2023-09-18T19:34:09","modified_gmt":"2023-09-18T17:34:09","slug":"luna-de-miel","status":"publish","type":"page","link":"https:\/\/wabisabiviajes.com\/en\/luna-de-miel\/","title":{"rendered":"Luna de miel"},"content":{"rendered":"<div data-elementor-type=\"wp-page\" data-elementor-id=\"1363\" class=\"elementor elementor-1363\" data-elementor-post-type=\"page\">\n\t\t\t\t<div class=\"elementor-element elementor-element-700693d e-con-full e-flex e-con e-parent\" data-id=\"700693d\" data-element_type=\"container\" data-settings=\"{&quot;background_background&quot;:&quot;classic&quot;}\">\n\t\t<div class=\"elementor-element elementor-element-87d7eb5 fc-container-padding e-flex e-con-boxed elementor-invisible e-con e-child\" data-id=\"87d7eb5\" data-element_type=\"container\" data-settings=\"{&quot;animation&quot;:&quot;fadeIn&quot;,&quot;animation_delay&quot;:800}\">\n\t\t\t\t\t<div class=\"e-con-inner\">\n\t\t<div class=\"elementor-element elementor-element-b09bb7a e-con-full e-flex e-con e-child\" data-id=\"b09bb7a\" data-element_type=\"container\">\n\t\t\t\t<div class=\"elementor-element elementor-element-b3af288 elementor-widget elementor-widget-image\" data-id=\"b3af288\" data-element_type=\"widget\" data-widget_type=\"image.default\">\n\t\t\t\t<div class=\"elementor-widget-container\">\n\t\t\t\t\t\t\t\t\t\t\t\t\t\t\t<img fetchpriority=\"high\" decoding=\"async\" width=\"800\" height=\"455\" src=\"https:\/\/wabisabiviajes.com\/wp-content\/uploads\/2023\/09\/wabisabi-home-lunas-de-miel.jpg\" class=\"attachment-full size-full wp-image-1532\" alt=\"Pareja brindando en su luna de miel\" srcset=\"https:\/\/wabisabiviajes.com\/wp-content\/uploads\/2023\/09\/wabisabi-home-lunas-de-miel.jpg 800w, https:\/\/wabisabiviajes.com\/wp-content\/uploads\/2023\/09\/wabisabi-home-lunas-de-miel-300x171.jpg 300w, https:\/\/wabisabiviajes.com\/wp-content\/uploads\/2023\/09\/wabisabi-home-lunas-de-miel-768x437.jpg 768w, https:\/\/wabisabiviajes.com\/wp-content\/uploads\/2023\/09\/wabisabi-home-lunas-de-miel-18x10.jpg 18w\" sizes=\"(max-width: 800px) 100vw, 800px\" \/>\t\t\t\t\t\t\t\t\t\t\t\t\t\t\t<\/div>\n\t\t\t\t<\/div>\n\t\t\t\t<div class=\"elementor-element elementor-element-4465d28 elementor-widget__width-initial elementor-absolute elementor-widget elementor-widget-heading\" data-id=\"4465d28\" data-element_type=\"widget\" data-settings=\"{&quot;_position&quot;:&quot;absolute&quot;}\" data-widget_type=\"heading.default\">\n\t\t\t\t<div class=\"elementor-widget-container\">\n\t\t\t\t\t<h1 class=\"elementor-heading-title elementor-size-default\">Comerme el mundo junto a mi pareja. <span>\u00a1S\u00ed, quiero!<\/span> <\/h1>\t\t\t\t<\/div>\n\t\t\t\t<\/div>\n\t\t\t\t<\/div>\n\t\t\t\t\t<\/div>\n\t\t\t\t<\/div>\n\t\t\t\t<\/div>\n\t\t<div class=\"elementor-element elementor-element-ca4d112 e-con-full fc-container-padding e-flex e-con e-parent\" data-id=\"ca4d112\" data-element_type=\"container\" data-settings=\"{&quot;background_background&quot;:&quot;classic&quot;}\">\n\t\t<div class=\"elementor-element elementor-element-0530b87 e-flex e-con-boxed e-con e-child\" data-id=\"0530b87\" data-element_type=\"container\">\n\t\t\t\t\t<div class=\"e-con-inner\">\n\t\t<div class=\"elementor-element elementor-element-f1342c7 fc-container-col e-flex e-con-boxed e-con e-child\" data-id=\"f1342c7\" data-element_type=\"container\">\n\t\t\t\t\t<div class=\"e-con-inner\">\n\t\t\t\t<div class=\"elementor-element elementor-element-e2f63d5 elementor-widget elementor-widget-heading\" data-id=\"e2f63d5\" data-element_type=\"widget\" data-widget_type=\"heading.default\">\n\t\t\t\t<div class=\"elementor-widget-container\">\n\t\t\t\t\t<h2 class=\"elementor-heading-title elementor-size-default\">Elige tu destino y fechas. Cu\u00e9ntame tu idea. <span>Rel\u00e1jate y disfruta mientras yo me encargo de todo. <\/span><\/h2>\t\t\t\t<\/div>\n\t\t\t\t<\/div>\n\t\t\t\t\t<\/div>\n\t\t\t\t<\/div>\n\t\t\t\t\t<\/div>\n\t\t\t\t<\/div>\n\t\t\t\t<\/div>\n\t\t<div class=\"elementor-element elementor-element-565d875 e-con-full fc-container-padding e-flex e-con e-parent\" data-id=\"565d875\" data-element_type=\"container\" data-settings=\"{&quot;background_background&quot;:&quot;classic&quot;}\">\n\t\t<div class=\"elementor-element elementor-element-7486a7c e-flex e-con-boxed e-con e-child\" data-id=\"7486a7c\" data-element_type=\"container\">\n\t\t\t\t\t<div class=\"e-con-inner\">\n\t\t<div class=\"elementor-element elementor-element-aaf6331 fc-container-col e-con-full e-flex e-con e-child\" data-id=\"aaf6331\" data-element_type=\"container\">\n\t\t\t\t<div class=\"elementor-element elementor-element-ed44286 elementor-widget elementor-widget-heading\" data-id=\"ed44286\" data-element_type=\"widget\" data-widget_type=\"heading.default\">\n\t\t\t\t<div class=\"elementor-widget-container\">\n\t\t\t\t\t<h2 class=\"elementor-heading-title elementor-size-default\">Rumbo al viaje m\u00e1s bonito de vuestras vidas<\/h2>\t\t\t\t<\/div>\n\t\t\t\t<\/div>\n\t\t\t\t<div class=\"elementor-element elementor-element-ad7849d elementor-widget elementor-widget-text-editor\" data-id=\"ad7849d\" data-element_type=\"widget\" data-widget_type=\"text-editor.default\">\n\t\t\t\t<div class=\"elementor-widget-container\">\n\t\t\t\t\t\t\t\t\t<p>Organizo viajes de novios personalizados para parejas que quieran salirse de la norma y deseen vivir una experiencia \u00edntima en cualquier parte del mundo.<\/p>\t\t\t\t\t\t\t\t<\/div>\n\t\t\t\t<\/div>\n\t\t\t\t<div class=\"elementor-element elementor-element-be800bf fc-boton-filled elementor-align-center elementor-widget elementor-widget-button\" data-id=\"be800bf\" data-element_type=\"widget\" data-widget_type=\"button.default\">\n\t\t\t\t<div class=\"elementor-widget-container\">\n\t\t\t\t\t\t\t\t\t<div class=\"elementor-button-wrapper\">\n\t\t\t\t\t<a class=\"elementor-button elementor-button-link elementor-size-sm\" href=\"https:\/\/wabisabiviajes.com\/en\/contacto\/\">\n\t\t\t\t\t\t<span class=\"elementor-button-content-wrapper\">\n\t\t\t\t\t\t\t\t\t<span class=\"elementor-button-text\">Contactar<\/span>\n\t\t\t\t\t<\/span>\n\t\t\t\t\t<\/a>\n\t\t\t\t<\/div>\n\t\t\t\t\t\t\t\t<\/div>\n\t\t\t\t<\/div>\n\t\t\t\t<div class=\"elementor-element elementor-element-a1a28f6 elementor-widget elementor-widget-spacer\" data-id=\"a1a28f6\" data-element_type=\"widget\" data-widget_type=\"spacer.default\">\n\t\t\t\t<div class=\"elementor-widget-container\">\n\t\t\t\t\t\t\t<div class=\"elementor-spacer\">\n\t\t\t<div class=\"elementor-spacer-inner\"><\/div>\n\t\t<\/div>\n\t\t\t\t\t\t<\/div>\n\t\t\t\t<\/div>\n\t\t\t\t<\/div>\n\t\t<div class=\"elementor-element elementor-element-170f9c1 fc-container-col e-con-full e-flex e-con e-child\" data-id=\"170f9c1\" data-element_type=\"container\">\n\t\t\t\t<div class=\"elementor-element elementor-element-42d5a1e elementor-widget elementor-widget-image\" data-id=\"42d5a1e\" data-element_type=\"widget\" data-widget_type=\"image.default\">\n\t\t\t\t<div class=\"elementor-widget-container\">\n\t\t\t\t\t\t\t\t\t\t\t\t\t\t\t<img decoding=\"async\" width=\"800\" height=\"529\" src=\"https:\/\/wabisabiviajes.com\/wp-content\/uploads\/2023\/09\/wabisabi-lunas-de-miel-hamacas-piscina.jpg\" class=\"attachment-full size-full wp-image-1658\" alt=\"Hamacas en la piscina\" srcset=\"https:\/\/wabisabiviajes.com\/wp-content\/uploads\/2023\/09\/wabisabi-lunas-de-miel-hamacas-piscina.jpg 800w, https:\/\/wabisabiviajes.com\/wp-content\/uploads\/2023\/09\/wabisabi-lunas-de-miel-hamacas-piscina-300x198.jpg 300w, https:\/\/wabisabiviajes.com\/wp-content\/uploads\/2023\/09\/wabisabi-lunas-de-miel-hamacas-piscina-768x508.jpg 768w, https:\/\/wabisabiviajes.com\/wp-content\/uploads\/2023\/09\/wabisabi-lunas-de-miel-hamacas-piscina-18x12.jpg 18w\" sizes=\"(max-width: 800px) 100vw, 800px\" \/>\t\t\t\t\t\t\t\t\t\t\t\t\t\t\t<\/div>\n\t\t\t\t<\/div>\n\t\t\t\t<\/div>\n\t\t\t\t\t<\/div>\n\t\t\t\t<\/div>\n\t\t\t\t<\/div>\n\t\t<div class=\"elementor-element elementor-element-8d0d053 e-con-full fc-container-padding e-flex e-con e-parent\" data-id=\"8d0d053\" data-element_type=\"container\" data-settings=\"{&quot;background_background&quot;:&quot;classic&quot;}\">\n\t\t<div class=\"elementor-element elementor-element-8cb2c43 e-flex e-con-boxed e-con e-child\" data-id=\"8cb2c43\" data-element_type=\"container\">\n\t\t\t\t\t<div class=\"e-con-inner\">\n\t\t<div class=\"elementor-element elementor-element-0e701e1 fc-container-col e-flex e-con-boxed e-con e-child\" data-id=\"0e701e1\" data-element_type=\"container\">\n\t\t\t\t\t<div class=\"e-con-inner\">\n\t\t\t\t<div class=\"elementor-element elementor-element-f9c91cf elementor-widget elementor-widget-heading\" data-id=\"f9c91cf\" data-element_type=\"widget\" data-widget_type=\"heading.default\">\n\t\t\t\t<div class=\"elementor-widget-container\">\n\t\t\t\t\t<h2 class=\"elementor-heading-title elementor-size-default\">\u00bfSabes cual es el origen de irse de luna de miel?<\/h2>\t\t\t\t<\/div>\n\t\t\t\t<\/div>\n\t\t\t\t<div class=\"elementor-element elementor-element-6329b4c elementor-widget elementor-widget-text-editor\" data-id=\"6329b4c\" data-element_type=\"widget\" data-widget_type=\"text-editor.default\">\n\t\t\t\t<div class=\"elementor-widget-container\">\n\t\t\t\t\t\t\t\t\t<p><span style=\"font-weight: 400;\">El objetivo fundamental de este viaje, cuando se empez\u00f3 a celebrar, era visitar a los familiares que no pod\u00edan asistir a la boda. Con el paso de los a\u00f1os, a partir de la d\u00e9cada de los 70-80, se \u201cpuso de moda\u201d enviar a los novios a una isla a disfrutar de su intimidad.<\/span><\/p><p><span style=\"font-weight: 400;\">Era muy curioso, ya que volv\u00edan todos m\u00e1s blancos de los que hab\u00edan ido ;). Al final, este viaje era organizado por la familia m\u00e1s cercana y los novios poco decid\u00edan sobre su paradero.<\/span><\/p><p><span style=\"font-weight: 400;\">Afortunadamente ahora todo ha cambiado. Y la luna de miel es el gasto m\u00e1s importante despu\u00e9s del d\u00eda de la celebraci\u00f3n para los novios.<\/span><\/p><p><span style=\"font-weight: 400;\">Y tambi\u00e9n uno de los mayores quebraderos de cabeza.<\/span><\/p><p><span style=\"font-weight: 400;\">Es normal.<\/span><\/p><p><span style=\"font-weight: 400;\">Para colmo no dispon\u00e9is de mucho tiempo para organizar el viaje m\u00e1s importante y especial de vuestra vida, pero para eso estoy yo para ayudarte.<\/span><\/p><p><span style=\"font-weight: 400;\">Organizo tu viaje en tres sencillos pasos:<\/span><\/p><ul><li style=\"font-weight: 400;\" aria-level=\"1\"><span style=\"font-weight: 400;\">Elige tu destino y fechas<\/span><\/li><li style=\"font-weight: 400;\" aria-level=\"1\"><span style=\"font-weight: 400;\">Cu\u00e9ntame tu idea<\/span><\/li><li style=\"font-weight: 400;\" aria-level=\"1\"><span style=\"font-weight: 400;\">Rel\u00e1jate y disfruta mientras yo me encargo de todo<\/span><\/li><\/ul>\t\t\t\t\t\t\t\t<\/div>\n\t\t\t\t<\/div>\n\t\t\t\t\t<\/div>\n\t\t\t\t<\/div>\n\t\t\t\t\t<\/div>\n\t\t\t\t<\/div>\n\t\t\t\t<\/div>\n\t\t<div class=\"elementor-element elementor-element-a86eb39 e-con-full fc-container-padding e-flex e-con e-parent\" data-id=\"a86eb39\" data-element_type=\"container\" data-settings=\"{&quot;background_background&quot;:&quot;classic&quot;}\">\n\t\t<div class=\"elementor-element elementor-element-7779cbb e-flex e-con-boxed e-con e-child\" data-id=\"7779cbb\" data-element_type=\"container\">\n\t\t\t\t\t<div class=\"e-con-inner\">\n\t\t<div class=\"elementor-element elementor-element-1c975b8 fc-container-col e-flex e-con-boxed e-con e-child\" data-id=\"1c975b8\" data-element_type=\"container\">\n\t\t\t\t\t<div class=\"e-con-inner\">\n\t\t\t\t<div class=\"elementor-element elementor-element-802eb5d elementor-widget elementor-widget-heading\" data-id=\"802eb5d\" data-element_type=\"widget\" data-widget_type=\"heading.default\">\n\t\t\t\t<div class=\"elementor-widget-container\">\n\t\t\t\t\t<h2 class=\"elementor-heading-title elementor-size-default\">\u00bfHablamos de tu <span>luna de miel<\/span>?<\/h2>\t\t\t\t<\/div>\n\t\t\t\t<\/div>\n\t\t\t\t<div class=\"elementor-element elementor-element-9e6939a fc-boton-simple elementor-align-center elementor-widget elementor-widget-button\" data-id=\"9e6939a\" data-element_type=\"widget\" data-widget_type=\"button.default\">\n\t\t\t\t<div class=\"elementor-widget-container\">\n\t\t\t\t\t\t\t\t\t<div class=\"elementor-button-wrapper\">\n\t\t\t\t\t<a class=\"elementor-button elementor-button-link elementor-size-sm\" href=\"https:\/\/calendly.com\/wabi-sabi-viajes\" target=\"_blank\" rel=\"noopener\">\n\t\t\t\t\t\t<span class=\"elementor-button-content-wrapper\">\n\t\t\t\t\t\t\t\t\t<span class=\"elementor-button-text\">\u00a1S\u00ed, quiero!<\/span>\n\t\t\t\t\t<\/span>\n\t\t\t\t\t<\/a>\n\t\t\t\t<\/div>\n\t\t\t\t\t\t\t\t<\/div>\n\t\t\t\t<\/div>\n\t\t\t\t\t<\/div>\n\t\t\t\t<\/div>\n\t\t\t\t\t<\/div>\n\t\t\t\t<\/div>\n\t\t\t\t<\/div>\n\t\t<div class=\"elementor-element elementor-element-b345939 e-con-full e-flex e-con e-parent\" data-id=\"b345939\" data-element_type=\"container\">\n\t\t\t\t<div class=\"elementor-element elementor-element-800848a elementor-widget elementor-widget-template\" data-id=\"800848a\" data-element_type=\"widget\" data-widget_type=\"template.default\">\n\t\t\t\t<div class=\"elementor-widget-container\">\n\t\t\t\t\t\t\t<div class=\"elementor-template\">\n\t\t\t\t\t<div data-elementor-type=\"container\" data-elementor-id=\"1692\" class=\"elementor elementor-1692\" data-elementor-post-type=\"elementor_library\">\n\t\t\t\t<div class=\"elementor-element elementor-element-b0ffcf1 e-con-full fc-container-padding e-flex e-con e-parent\" data-id=\"b0ffcf1\" data-element_type=\"container\" data-settings=\"{&quot;background_background&quot;:&quot;classic&quot;}\">\n\t\t<div class=\"elementor-element elementor-element-f7688e8 e-flex e-con-boxed e-con e-child\" data-id=\"f7688e8\" data-element_type=\"container\">\n\t\t\t\t\t<div class=\"e-con-inner\">\n\t\t\t\t<div class=\"elementor-element elementor-element-67080c4 elementor-widget elementor-widget-heading\" data-id=\"67080c4\" data-element_type=\"widget\" data-widget_type=\"heading.default\">\n\t\t\t\t<div class=\"elementor-widget-container\">\n\t\t\t\t\t<h2 class=\"elementor-heading-title elementor-size-default\">\u00bfQuieres conocer mis destinos <span>Wabi Sabi<\/span>?<\/h2>\t\t\t\t<\/div>\n\t\t\t\t<\/div>\n\t\t\t\t<div class=\"elementor-element elementor-element-a53e0e6 fc-boton-filled elementor-align-center elementor-widget elementor-widget-button\" data-id=\"a53e0e6\" data-element_type=\"widget\" data-widget_type=\"button.default\">\n\t\t\t\t<div class=\"elementor-widget-container\">\n\t\t\t\t\t\t\t\t\t<div class=\"elementor-button-wrapper\">\n\t\t\t\t\t<a class=\"elementor-button elementor-button-link elementor-size-sm\" href=\"https:\/\/wabisabiviajes.com\/en\/destinos\/\">\n\t\t\t\t\t\t<span class=\"elementor-button-content-wrapper\">\n\t\t\t\t\t\t\t\t\t<span class=\"elementor-button-text\">Ver destinos<\/span>\n\t\t\t\t\t<\/span>\n\t\t\t\t\t<\/a>\n\t\t\t\t<\/div>\n\t\t\t\t\t\t\t\t<\/div>\n\t\t\t\t<\/div>\n\t\t\t\t\t<\/div>\n\t\t\t\t<\/div>\n\t\t\t\t<\/div>\n\t\t\t\t<\/div>\n\t\t\t\t<\/div>\n\t\t\t\t\t\t<\/div>\n\t\t\t\t<\/div>\n\t\t\t\t<\/div>\n\t\t<div class=\"elementor-element elementor-element-56b0703 e-con-full e-flex e-con e-parent\" data-id=\"56b0703\" data-element_type=\"container\">\n\t\t\t\t<div class=\"elementor-element elementor-element-d4de3ca elementor-widget elementor-widget-template\" data-id=\"d4de3ca\" data-element_type=\"widget\" data-widget_type=\"template.default\">\n\t\t\t\t<div class=\"elementor-widget-container\">\n\t\t\t\t\t\t\t<div class=\"elementor-template\">\n\t\t\t\t\t<div data-elementor-type=\"container\" data-elementor-id=\"1810\" class=\"elementor elementor-1810\" data-elementor-post-type=\"elementor_library\">\n\t\t\t\t<div class=\"elementor-element elementor-element-ce63d8b e-con-full fc-container-padding e-flex e-con e-parent\" data-id=\"ce63d8b\" data-element_type=\"container\" data-settings=\"{&quot;background_background&quot;:&quot;classic&quot;}\">\n\t\t<div class=\"elementor-element elementor-element-08ac147 e-flex e-con-boxed e-con e-child\" data-id=\"08ac147\" data-element_type=\"container\">\n\t\t\t\t\t<div class=\"e-con-inner\">\n\t\t<div class=\"elementor-element elementor-element-30beefe fc-container-col e-flex e-con-boxed e-con e-child\" data-id=\"30beefe\" data-element_type=\"container\">\n\t\t\t\t\t<div class=\"e-con-inner\">\n\t\t\t\t<div class=\"elementor-element elementor-element-79ed0cb elementor-widget elementor-widget-heading\" data-id=\"79ed0cb\" data-element_type=\"widget\" data-widget_type=\"heading.default\">\n\t\t\t\t<div class=\"elementor-widget-container\">\n\t\t\t\t\t<h2 class=\"elementor-heading-title elementor-size-default\">Tienes que <span>formar parte<\/span><\/h2>\t\t\t\t<\/div>\n\t\t\t\t<\/div>\n\t\t\t\t<div class=\"elementor-element elementor-element-5899626 elementor-widget elementor-widget-text-editor\" data-id=\"5899626\" data-element_type=\"widget\" data-widget_type=\"text-editor.default\">\n\t\t\t\t<div class=\"elementor-widget-container\">\n\t\t\t\t\t\t\t\t\t<p>Recibe ofertas exclusivas, gu\u00edas de viaje inspiradoras y consejos pr\u00e1cticos para viajes. No demasiado a menudo \u2013 S\u00f3lo lo suficiente.<\/p>\t\t\t\t\t\t\t\t<\/div>\n\t\t\t\t<\/div>\n\t\t\t\t<div class=\"elementor-element elementor-element-3d6e04c elementor-widget elementor-widget-heading\" data-id=\"3d6e04c\" data-element_type=\"widget\" data-widget_type=\"heading.default\">\n\t\t\t\t<div class=\"elementor-widget-container\">\n\t\t\t\t\t<span class=\"elementor-heading-title elementor-size-default\">Newsletter disponible pr\u00f3ximamente<\/span>\t\t\t\t<\/div>\n\t\t\t\t<\/div>\n\t\t\t\t<div class=\"elementor-element elementor-element-2da1a41 fc-boton-simple elementor-align-center elementor-hidden-widescreen elementor-hidden-desktop elementor-hidden-laptop elementor-hidden-tablet elementor-hidden-mobile elementor-widget elementor-widget-button\" data-id=\"2da1a41\" data-element_type=\"widget\" data-widget_type=\"button.default\">\n\t\t\t\t<div class=\"elementor-widget-container\">\n\t\t\t\t\t\t\t\t\t<div class=\"elementor-button-wrapper\">\n\t\t\t\t\t<a class=\"elementor-button elementor-button-link elementor-size-sm\" href=\"https:\/\/subscribepage.io\/wabi-sabi-viajes\" target=\"_blank\" rel=\"noopener\">\n\t\t\t\t\t\t<span class=\"elementor-button-content-wrapper\">\n\t\t\t\t\t\t\t\t\t<span class=\"elementor-button-text\">Suscr\u00edbete a mi newsletter<\/span>\n\t\t\t\t\t<\/span>\n\t\t\t\t\t<\/a>\n\t\t\t\t<\/div>\n\t\t\t\t\t\t\t\t<\/div>\n\t\t\t\t<\/div>\n\t\t\t\t\t<\/div>\n\t\t\t\t<\/div>\n\t\t\t\t\t<\/div>\n\t\t\t\t<\/div>\n\t\t\t\t<\/div>\n\t\t\t\t<\/div>\n\t\t\t\t<\/div>\n\t\t\t\t\t\t<\/div>\n\t\t\t\t<\/div>\n\t\t\t\t<\/div>\n\t\t\t\t<\/div>","protected":false},"excerpt":{"rendered":"<p>Comerme el mundo junto a mi pareja. \u00a1S\u00ed, quiero! Elige tu destino y fechas. Cu\u00e9ntame tu idea. Rel\u00e1jate y disfruta mientras yo me encargo de todo. Rumbo al viaje m\u00e1s bonito de vuestras vidas Organizo viajes de novios personalizados para parejas que quieran salirse de la norma y deseen vivir una experiencia \u00edntima en cualquier [&hellip;]<\/p>","protected":false},"author":1,"featured_media":0,"parent":0,"menu_order":4,"comment_status":"closed","ping_status":"closed","template":"","meta":{"_acf_changed":false,"footnotes":""},"class_list":["post-1363","page","type-page","status-publish","hentry"],"acf":[],"_links":{"self":[{"href":"https:\/\/wabisabiviajes.com\/en\/wp-json\/wp\/v2\/pages\/1363","targetHints":{"allow":["GET"]}}],"collection":[{"href":"https:\/\/wabisabiviajes.com\/en\/wp-json\/wp\/v2\/pages"}],"about":[{"href":"https:\/\/wabisabiviajes.com\/en\/wp-json\/wp\/v2\/types\/page"}],"author":[{"embeddable":true,"href":"https:\/\/wabisabiviajes.com\/en\/wp-json\/wp\/v2\/users\/1"}],"replies":[{"embeddable":true,"href":"https:\/\/wabisabiviajes.com\/en\/wp-json\/wp\/v2\/comments?post=1363"}],"version-history":[{"count":53,"href":"https:\/\/wabisabiviajes.com\/en\/wp-json\/wp\/v2\/pages\/1363\/revisions"}],"predecessor-version":[{"id":2051,"href":"https:\/\/wabisabiviajes.com\/en\/wp-json\/wp\/v2\/pages\/1363\/revisions\/2051"}],"wp:attachment":[{"href":"https:\/\/wabisabiviajes.com\/en\/wp-json\/wp\/v2\/media?parent=1363"}],"curies":[{"name":"wp","href":"https:\/\/api.w.org\/{rel}","templated":true}]}}